{"id":13,"date":"2021-03-14T22:16:42","date_gmt":"2021-03-14T22:16:42","guid":{"rendered":"https:\/\/www.zrozumiecdynamike.pl\/?page_id=13"},"modified":"2021-03-14T23:23:14","modified_gmt":"2021-03-14T23:23:14","slug":"kontakt","status":"publish","type":"page","link":"https:\/\/www.zrozumiecdynamike.pl\/index.php\/kontakt\/","title":{"rendered":"Kontakt"},"content":{"rendered":"\n<p>Na razie tylko dla wtajemniczonych :). <\/p>\n\n\n\n<p>(Definicja wtajemniczonego: kto\u015b, kto zna m\u00f3j adres mailowy i wie, jak napisa\u0107, \u017ceby trafi\u0107 na g\u00f3r\u0119 listy priorytet\u00f3w)<\/p>\n\n\n\n<p>Jak si\u0119 troch\u0119 ogarn\u0119 i postawi\u0119 dedykowany serwer pocztowy. Wtedy, mam nadziej\u0119, b\u0119d\u0119 odpowiada\u0142 na bie\u017c\u0105co <\/p>\n","protected":false},"excerpt":{"rendered":"<p>Na razie tylko dla wtajemniczonych :). (Definicja wtajemniczonego: kto\u015b, kto zna m\u00f3j adres mailowy i wie, jak napisa\u0107, \u017ceby trafi\u0107 na g\u00f3r\u0119 listy priorytet\u00f3w) Jak si\u0119 troch\u0119 ogarn\u0119 i postawi\u0119 dedykowany serwer pocztowy. Wtedy, mam nadziej\u0119, b\u0119d\u0119 odpowiada\u0142 na bie\u017c\u0105co<\/p>\n","protected":false},"author":1,"featured_media":0,"parent":0,"menu_order":0,"comment_status":"closed","ping_status":"closed","template":"","meta":[],"_links":{"self":[{"href":"https:\/\/www.zrozumiecdynamike.pl\/index.php\/wp-json\/wp\/v2\/pages\/13"}],"collection":[{"href":"https:\/\/www.zrozumiecdynamike.pl\/index.php\/wp-json\/wp\/v2\/pages"}],"about":[{"href":"https:\/\/www.zrozumiecdynamike.pl\/index.php\/wp-json\/wp\/v2\/types\/page"}],"author":[{"embeddable":true,"href":"https:\/\/www.zrozumiecdynamike.pl\/index.php\/wp-json\/wp\/v2\/users\/1"}],"replies":[{"embeddable":true,"href":"https:\/\/www.zrozumiecdynamike.pl\/index.php\/wp-json\/wp\/v2\/comments?post=13"}],"version-history":[{"count":2,"href":"https:\/\/www.zrozumiecdynamike.pl\/index.php\/wp-json\/wp\/v2\/pages\/13\/revisions"}],"predecessor-version":[{"id":48,"href":"https:\/\/www.zrozumiecdynamike.pl\/index.php\/wp-json\/wp\/v2\/pages\/13\/revisions\/48"}],"wp:attachment":[{"href":"https:\/\/www.zrozumiecdynamike.pl\/index.php\/wp-json\/wp\/v2\/media?parent=13"}],"curies":[{"name":"wp","href":"https:\/\/api.w.org\/{rel}","templated":true}]}}