{"id":12,"date":"2021-03-14T22:16:42","date_gmt":"2021-03-14T22:16:42","guid":{"rendered":"https:\/\/www.zrozumiecdynamike.pl\/?page_id=12"},"modified":"2021-03-25T23:09:53","modified_gmt":"2021-03-25T23:09:53","slug":"o-mnie","status":"publish","type":"page","link":"https:\/\/www.zrozumiecdynamike.pl\/index.php\/o-mnie\/","title":{"rendered":"O mnie"},"content":{"rendered":"\n<div class=\"wp-block-media-text alignwide is-stacked-on-mobile\" style=\"grid-template-columns:26% auto\"><figure class=\"wp-block-media-text__media\"><img decoding=\"async\" loading=\"lazy\" width=\"1024\" height=\"768\" src=\"https:\/\/www.zrozumiecdynamike.pl\/wp-content\/uploads\/2021\/03\/js_2020-1024x768.jpg\" alt=\"\" class=\"wp-image-44 size-full\" srcset=\"https:\/\/www.zrozumiecdynamike.pl\/wp-content\/uploads\/2021\/03\/js_2020-1024x768.jpg 1024w, https:\/\/www.zrozumiecdynamike.pl\/wp-content\/uploads\/2021\/03\/js_2020-300x225.jpg 300w, https:\/\/www.zrozumiecdynamike.pl\/wp-content\/uploads\/2021\/03\/js_2020-768x576.jpg 768w, https:\/\/www.zrozumiecdynamike.pl\/wp-content\/uploads\/2021\/03\/js_2020-rotated.jpg 1280w\" sizes=\"(max-width: 1024px) 100vw, 1024px\" \/><\/figure><div class=\"wp-block-media-text__content\">\n<p>Od wrze\u015bnia 2020 mam prawo dodawa\u0107 przed nazwiskiem tytu\u0142 prof. (konkretnie: profesor nauk in\u017cynieryjno-technicznych). To nie oznacza, \u017ce zawsze mam racj\u0119, ani \u017ce nie pope\u0142niam b\u0142\u0119d\u00f3w (dlatego trzeba krytycznie podchodzi\u0107 do zamieszczanych przeze mnie tre\u015bci).<\/p>\n\n\n\n<p>Mam gen nauczyciela, co oznacza, \u017ce trudno ode mnie uzyska\u0107 szybkie wyja\u015bnienia. Zawsze musz\u0119 zacz\u0105\u0107 <em>ab ovo<\/em>. <\/p>\n<\/div><\/div>\n\n\n\n<p><\/p>\n","protected":false},"excerpt":{"rendered":"<p>Od wrze\u015bnia 2020 mam prawo dodawa\u0107 przed nazwiskiem tytu\u0142 prof. (konkretnie: profesor nauk in\u017cynieryjno-technicznych). To nie oznacza, \u017ce zawsze mam racj\u0119, ani \u017ce nie pope\u0142niam b\u0142\u0119d\u00f3w (dlatego trzeba krytycznie podchodzi\u0107 do zamieszczanych przeze mnie tre\u015bci). Mam gen nauczyciela, co oznacza, \u017ce trudno ode mnie uzyska\u0107 szybkie wyja\u015bnienia. Zawsze musz\u0119 zacz\u0105\u0107 ab ovo.<\/p>\n","protected":false},"author":1,"featured_media":0,"parent":0,"menu_order":0,"comment_status":"closed","ping_status":"closed","template":"","meta":[],"_links":{"self":[{"href":"https:\/\/www.zrozumiecdynamike.pl\/index.php\/wp-json\/wp\/v2\/pages\/12"}],"collection":[{"href":"https:\/\/www.zrozumiecdynamike.pl\/index.php\/wp-json\/wp\/v2\/pages"}],"about":[{"href":"https:\/\/www.zrozumiecdynamike.pl\/index.php\/wp-json\/wp\/v2\/types\/page"}],"author":[{"embeddable":true,"href":"https:\/\/www.zrozumiecdynamike.pl\/index.php\/wp-json\/wp\/v2\/users\/1"}],"replies":[{"embeddable":true,"href":"https:\/\/www.zrozumiecdynamike.pl\/index.php\/wp-json\/wp\/v2\/comments?post=12"}],"version-history":[{"count":6,"href":"https:\/\/www.zrozumiecdynamike.pl\/index.php\/wp-json\/wp\/v2\/pages\/12\/revisions"}],"predecessor-version":[{"id":56,"href":"https:\/\/www.zrozumiecdynamike.pl\/index.php\/wp-json\/wp\/v2\/pages\/12\/revisions\/56"}],"wp:attachment":[{"href":"https:\/\/www.zrozumiecdynamike.pl\/index.php\/wp-json\/wp\/v2\/media?parent=12"}],"curies":[{"name":"wp","href":"https:\/\/api.w.org\/{rel}","templated":true}]}}