{"id":11,"date":"2021-03-14T22:16:42","date_gmt":"2021-03-14T22:16:42","guid":{"rendered":"https:\/\/www.zrozumiecdynamike.pl\/?page_id=11"},"modified":"2021-04-01T19:34:30","modified_gmt":"2021-04-01T19:34:30","slug":"tworz-swoja-witryne-za-pomoca-blokow","status":"publish","type":"page","link":"https:\/\/www.zrozumiecdynamike.pl\/","title":{"rendered":"Chcia\u0142bym&#8230;"},"content":{"rendered":"\n<p>&#8230; wiedzie\u0107, co powinno by\u0107 na g\u0142\u00f3wnej. Jak si\u0119 ju\u017c dowiem, to j\u0105 zmieni\u0119 \ud83d\ude42  <\/p>\n","protected":false},"excerpt":{"rendered":"<p>&#8230; wiedzie\u0107, co powinno by\u0107 na g\u0142\u00f3wnej. Jak si\u0119 ju\u017c dowiem, to j\u0105 zmieni\u0119 \ud83d\ude42<\/p>\n","protected":false},"author":1,"featured_media":0,"parent":0,"menu_order":1,"comment_status":"closed","ping_status":"closed","template":"","meta":[],"_links":{"self":[{"href":"https:\/\/www.zrozumiecdynamike.pl\/index.php\/wp-json\/wp\/v2\/pages\/11"}],"collection":[{"href":"https:\/\/www.zrozumiecdynamike.pl\/index.php\/wp-json\/wp\/v2\/pages"}],"about":[{"href":"https:\/\/www.zrozumiecdynamike.pl\/index.php\/wp-json\/wp\/v2\/types\/page"}],"author":[{"embeddable":true,"href":"https:\/\/www.zrozumiecdynamike.pl\/index.php\/wp-json\/wp\/v2\/users\/1"}],"replies":[{"embeddable":true,"href":"https:\/\/www.zrozumiecdynamike.pl\/index.php\/wp-json\/wp\/v2\/comments?post=11"}],"version-history":[{"count":9,"href":"https:\/\/www.zrozumiecdynamike.pl\/index.php\/wp-json\/wp\/v2\/pages\/11\/revisions"}],"predecessor-version":[{"id":92,"href":"https:\/\/www.zrozumiecdynamike.pl\/index.php\/wp-json\/wp\/v2\/pages\/11\/revisions\/92"}],"wp:attachment":[{"href":"https:\/\/www.zrozumiecdynamike.pl\/index.php\/wp-json\/wp\/v2\/media?parent=11"}],"curies":[{"name":"wp","href":"https:\/\/api.w.org\/{rel}","templated":true}]}}